{"id":6297,"date":"2023-02-04T17:54:14","date_gmt":"2023-02-04T16:54:14","guid":{"rendered":"https:\/\/ambertattoo.ink\/?page_id=6297"},"modified":"2025-12-24T15:51:51","modified_gmt":"2025-12-24T14:51:51","slug":"studio-tatuazu-walbrzych","status":"publish","type":"page","link":"https:\/\/ambertattoo.ink\/ru\/studio-tatuazu-walbrzych\/","title":{"rendered":"Studio Tatua\u017cu Amber Tattoo Wa\u0142brzych"},"content":{"rendered":"<div class=\"wp-block-group alignfull is-layout-flow wp-block-group-is-layout-flow\">\n<style>\n    \/* 0. \u041e\u041f\u0422\u0418\u041c\u0418\u0417\u0410\u0426\u0418\u042f \u0428\u0420\u0418\u0424\u0422\u041e\u0412 *\/\n    @font-face {\n        font-family: 'Source Sans 3';\n        font-display: swap !important;\n    }\n\n    :root, html, body, * {\n        font-display: swap !important;\n        --primary: #ff7a00;\n        --bg: #050505;\n        font-family: 'Source Sans 3', sans-serif !important; \n    }\n\n    \/* \u0418\u041d\u0414\u0418\u041a\u0410\u0422\u041e\u0420 \u0421\u041a\u0420\u041e\u041b\u041b\u0410 *\/\n    .amber-progress-bar {\n        position: fixed; top: 0; left: 0; height: 3px;\n        background: var(--primary); width: 0%;\n        z-index: 2005; transition: width 0.1s ease-out;\n    }\n\n    \/* \u0412\u0415\u0420\u0425\u041d\u042f\u042f \u0418\u041d\u0424\u041e-\u041f\u0410\u041d\u0415\u041b\u042c (NAP SEO) *\/\n    .amber-top-bar {\n        background: #000;\n        color: #888;\n        font-size: 10px;\n        padding: 8px 50px;\n        display: flex;\n        justify-content: space-between;\n        align-items: center;\n        position: fixed;\n        top: 0; left: 0; right: 0;\n        z-index: 1501;\n        border-bottom: 1px solid rgba(255,255,255,0.05);\n        text-transform: uppercase;\n        letter-spacing: 1px;\n        transition: transform 0.4s;\n    }\n\n    .amber-top-bar .nap-brand { color: #fff; font-weight: 700; }\n    .amber-top-bar .nap-info { display: flex; gap: 25px; }\n    .amber-top-bar a { color: #fff; text-decoration: none; transition: 0.3s; font-weight: 700; }\n    .amber-top-bar a:hover { color: var(--primary); }\n    .amber-top-bar span.icon-label { color: var(--primary); margin-right: 4px; }\n    .amber-top-bar.hidden { transform: translateY(-100%); }\n\n    \/* \u0428\u0410\u041f\u041a\u0410 *\/\n    .amber-header-elite {\n        display: flex; justify-content: space-between; align-items: center;\n        padding: 25px 50px; \n        position: fixed; \n        top: 31px !important; \n        left: 0; right: 0; \n        z-index: 1500; \n        transition: all 0.5s cubic-bezier(0.16, 1, 0.3, 1);\n        background: rgba(0, 0, 0, 0.7);\n    }\n\n    .amber-header-elite.sticky {\n        padding: 12px 50px; \n        background: rgba(0, 0, 0, 0.95);\n        backdrop-filter: blur(20px); \n        border-bottom: 1px solid rgba(255, 122, 0, 0.3);\n        top: 0 !important;\n    }\n\n    \/* \u041b\u041e\u0413\u041e\u0422\u0418\u041f *\/\n    .amber-logo-box { display: block; width: 150px; height: 50px; z-index: 1601; position: relative; }\n    .amber-logo-box img { height: 50px !important; width: 150px !important; object-fit: contain; transition: 0.4s; }\n    .amber-header-elite.sticky .amber-logo-box img { height: 38px !important; width: 114px !important; }\n\n    \/* \u041a\u041d\u041e\u041f\u041a\u0410 \u041c\u0415\u041d\u042e (\u041f\u043e \u0443\u043c\u043e\u043b\u0447\u0430\u043d\u0438\u044e \u0441\u043a\u0440\u044b\u0442\u0430) *\/\n    .amber-menu-trigger { display: none; }\n\n    \/* \u041d\u0410\u0412\u0418\u0413\u0410\u0426\u0418\u042f *\/\n    .amber-nav-elite { display: flex; gap: 25px; align-items: center; }\n    .amber-nav-elite a {\n        color: #fff; text-decoration: none !important;\n        text-transform: uppercase; font-weight: 700 !important; font-size: 11px;\n        letter-spacing: 1.5px; transition: 0.3s; position: relative;\n    }\n    .amber-nav-elite a::after {\n        content: ''; position: absolute; width: 0; height: 2px;\n        bottom: -5px; left: 0; background: var(--primary); transition: 0.4s;\n    }\n    .amber-nav-elite a:hover { color: var(--primary); }\n    .amber-nav-elite a:hover::after { width: 100%; }\n\n    \/* \u041a\u043d\u043e\u043f\u043a\u0430 \u0420\u0435\u0437\u0435\u0440\u0432\u0430\u0446\u0438\u044f *\/\n    .amber-nav-elite a.nav-cta {\n        background: var(--primary);\n        color: #000 !important;\n        padding: 8px 18px;\n        border-radius: 2px;\n        letter-spacing: 2px;\n    }\n    .amber-nav-elite a.nav-cta::after { display: none; }\n    .amber-nav-elite a.nav-cta:hover { background: #fff; color: #000 !important; transform: translateY(-2px); }\n\n    .header-spacer { height: 130px; background: var(--bg); }\n\n    \/* \u0410\u0414\u0410\u041f\u0422\u0418\u0412\u041d\u041e\u0421\u0422\u042c *\/\n    @media (max-width: 1200px) {\n        .amber-nav-elite { gap: 15px; }\n        .amber-nav-elite a { font-size: 10px; letter-spacing: 1px; }\n    }\n\n    @media (max-width: 992px) {\n        .amber-top-bar { padding: 8px 15px; font-size: 8.5px; flex-direction: column; gap: 5px; text-align: center; }\n        .amber-top-bar .nap-info { gap: 10px; }\n        .amber-header-elite { padding: 15px 20px; top: 45px !important; }\n        .header-spacer { height: 120px; }\n        \n        .amber-nav-elite {\n            position: fixed; top: 0; right: -100%; height: 100vh; width: 280px;\n            background: #0a0a0a; flex-direction: column; justify-content: center; align-items: center; transition: 0.5s ease;\n            gap: 30px;\n            z-index: 1550;\n            box-shadow: -10px 0 30px rgba(0,0,0,0.8);\n        }\n        .amber-nav-elite.active { right: 0; }\n        \n        \/* \u041f\u043e\u043a\u0430\u0437\u044b\u0432\u0430\u0435\u043c \u043a\u043d\u043e\u043f\u043a\u0443 \u043c\u0435\u043d\u044e \u0442\u043e\u043b\u044c\u043a\u043e \u0437\u0434\u0435\u0441\u044c *\/\n        .amber-menu-trigger { \n            display: block; \n            z-index: 1600; \n            cursor: pointer;\n            width: 40px; height: 30px; \n            position: relative;\n        }\n        .amber-menu-trigger span { \n            display: block; width: 28px; height: 2px; background: var(--primary); \n            margin: 6px auto; \n            transition: all 0.3s ease;\n        }\n        .amber-menu-trigger.active span:nth-child(1) { transform: rotate(45deg) translateY(11px); }\n        .amber-menu-trigger.active span:nth-child(2) { opacity: 0; }\n        .amber-menu-trigger.active span:nth-child(3) { transform: rotate(-45deg) translateY(-11px); }\n    }\n<\/style>\n\n<div class=\"amber-progress-bar\" id=\"scrollBar\"><\/div>\n\n<div class=\"amber-top-bar\" id=\"topBar\">\n    <div class=\"nap-brand\">\u0422\u0430\u0442\u0443 \u0441\u0442\u0443\u0434\u0438\u044f Amber Tattoo \u0412\u0440\u043e\u0446\u043b\u0430\u0432<\/div>\n    <div class=\"nap-info\">\n        <div class=\"top-item\"><span class=\"icon-label\">\u0410\u0434\u0440\u0435\u0441:<\/span> \u0416\u0435\u0440\u0442\u0432\u044b \u041e\u0441\u0432\u0435\u043d\u0446\u0438\u043c\u0430 15<\/div>\n        <div class=\"top-item\"><span class=\"icon-label\">Tel:<\/span> <a href=\"\/ru\/\u0442\u0435\u043b:+48888935750\/\">888 935 750<\/a><\/div>\n    <\/div>\n<\/div>\n\n<header class=\"amber-header-elite\" id=\"eliteHeader\">\n    <a href=\"https:\/\/ambertattoo.ink\/ru\/\" class=\"amber-logo-box\">\n        <img data-recalc-dims=\"1\" src=\"https:\/\/i0.wp.com\/ambertattoo.ink\/wp-content\/uploads\/2025\/12\/amber-tattoo-logo.webp?resize=150%2C50&#038;ssl=1\" \n             alt=\"Amber Tattoo Studio\" \n             width=\"150\" height=\"50\" \n             fetchpriority=\"high\" \n             decoding=\"sync\">\n    <\/a>\n    \n    <div class=\"amber-menu-trigger\" id=\"menuToggle\">\n        <span><\/span><span><\/span><span><\/span>\n    <\/div>\n\n    <nav class=\"amber-nav-elite\" id=\"navElite\">\n        <a href=\"https:\/\/ambertattoo.ink\/ru\/\">\u0413\u043b\u0430\u0432\u043d\u0430\u044f<\/a>\n        <a href=\"https:\/\/ambertattoo.ink\/ru\/tatuaze\/\">\u041f\u043e\u0440\u0442\u0444\u043e\u043b\u0438\u043e<\/a>\n        <a href=\"https:\/\/ambertattoo.ink\/ru\/cennik\/\">\u041f\u0440\u0430\u0439\u0441-\u043b\u0438\u0441\u0442<\/a>\n        <a href=\"https:\/\/ambertattoo.ink\/ru\/praca\/\">\u0420\u0430\u0431\u043e\u0442\u0430<\/a>\n        <a href=\"https:\/\/ambertattoo.ink\/ru\/kontakt\/\">\u0421\u0432\u044f\u0437\u0430\u0442\u044c\u0441\u044f \u0441<\/a>\n        <a href=\"https:\/\/ambertattoo.ink\/ru\/o-nas\/\">O Nas<\/a>\n        <a href=\"https:\/\/ambertattoo.ink\/ru\/umow-sie-na-tatuaz\/\" class=\"nav-cta\">\u0411\u0440\u043e\u043d\u0438\u0440\u043e\u0432\u0430\u043d\u0438\u0435<\/a>\n    <\/nav>\n<\/header>\n\n<div class=\"header-spacer\"><\/div>\n\n<script>\ndocument.addEventListener(\"DOMContentLoaded\", function() {\n    \/\/ 1. \u041b\u043e\u0433\u0438\u043a\u0430 \u0441\u043a\u0440\u043e\u043b\u043b\u0430\n    window.addEventListener('scroll', () => {\n        const winScroll = document.body.scrollTop || document.documentElement.scrollTop;\n        const height = document.documentElement.scrollHeight - document.documentElement.clientHeight;\n        const scrolled = (winScroll \/ height) * 100;\n        \n        const scrollBar = document.getElementById(\"scrollBar\");\n        if(scrollBar) scrollBar.style.width = scrolled + \"%\";\n        \n        const header = document.getElementById('eliteHeader');\n        const topBar = document.getElementById('topBar');\n        \n        if (header && topBar) {\n            if (winScroll > 40) {\n                header.classList.add('sticky');\n                topBar.classList.add('hidden');\n            } else {\n                header.classList.remove('sticky');\n                topBar.classList.remove('hidden');\n            }\n        }\n    });\n\n    \/\/ 2. \u041b\u043e\u0433\u0438\u043a\u0430 \u043c\u043e\u0431\u0438\u043b\u044c\u043d\u043e\u0433\u043e \u043c\u0435\u043d\u044e\n    const menuToggle = document.getElementById('menuToggle');\n    const navElite = document.getElementById('navElite');\n    \n    if (menuToggle && navElite) {\n        menuToggle.addEventListener('click', function(e) {\n            e.preventDefault();\n            this.classList.toggle('active');\n            navElite.classList.toggle('active');\n        });\n        \n        \/\/ \u0417\u0430\u043a\u0440\u044b\u0432\u0430\u0442\u044c \u043c\u0435\u043d\u044e \u043f\u0440\u0438 \u043a\u043b\u0438\u043a\u0435 \u043d\u0430 \u0441\u0441\u044b\u043b\u043a\u0443 \u0432\u043d\u0443\u0442\u0440\u0438\n        const navLinks = navElite.querySelectorAll('a');\n        navLinks.forEach(link => {\n            link.addEventListener('click', () => {\n                menuToggle.classList.remove('active');\n                navElite.classList.remove('active');\n            });\n        });\n    }\n});\n<\/script>\n<\/div>\n\n\n\n<div class=\"wp-block-group alignfull is-layout-flow wp-block-group-is-layout-flow\">\n<style>\n    \/* GLOBAL STYLES *\/\n    .amber-wrapper { box-sizing: border-box; color: #e0e0e0; font-family: inherit; width: 100%; background-color: #050505; }\n    .amber-wrapper * { box-sizing: border-box; }\n    \n    .amber-city-section { padding: 80px 20px; max-width: 1000px; margin: 0 auto; }\n    \n    \/* SEO Headers *\/\n    .amber-city-h1 { color: #ff7a00; text-transform: uppercase; letter-spacing: 2px; font-size: clamp(1.6rem, 5vw, 2.6rem); text-align: center; margin-bottom: 40px; line-height: 1.2; }\n    .amber-city-h2 { color: #fff; text-transform: uppercase; letter-spacing: 1px; font-size: 1.5rem; margin: 50px 0 30px 0; text-align: center; }\n\n    \/* Content Cards *\/\n    .amber-city-card { \n        background-color: rgba(255, 255, 255, 0.02); \n        border: 1px solid rgba(255, 255, 255, 0.05); \n        padding: 40px; \n        margin-bottom: 40px; \n        line-height: 1.9;\n        border-top: 2px solid #ff7a00;\n    }\n\n    \/* Info Route Block *\/\n    .amber-route-box {\n        display: flex;\n        justify-content: space-around;\n        flex-wrap: wrap;\n        background: rgba(255, 122, 0, 0.05);\n        border: 1px solid rgba(255, 122, 0, 0.1);\n        padding: 25px;\n        margin: 30px 0;\n        text-align: center;\n    }\n    .amber-route-item { padding: 10px; }\n    .amber-route-val { display: block; color: #ff7a00; font-size: 1.4rem; font-weight: bold; }\n    .amber-route-label { font-size: 0.8rem; text-transform: uppercase; opacity: 0.7; }\n\n    .amber-highlight { color: #ff7a00; font-weight: 600; }\n\n    \/* --- Galeria --- *\/\n    .amber-gallery-v5 { padding: 60px 0; text-align: center; }\n    .amber-gallery-v5 h2 { font-size: 2rem; text-transform: uppercase; margin-bottom: 30px; color: #fff; }\n    .amber-gallery-v5 h2 span { color: #ff7a00; }\n    \n    .amber-gallery-wrapper {\n        display: grid;\n        grid-template-columns: repeat(5, 1fr);\n        gap: 15px;\n        margin-bottom: 50px;\n    }\n\n    .tattoo-card {\n        position: relative;\n        aspect-ratio: 3 \/ 4;\n        overflow: hidden;\n        border-radius: 4px;\n        background: #111;\n    }\n\n    .tattoo-card img {\n        width: 100%; height: 100%; object-fit: cover;\n        transition: 0.6s cubic-bezier(0.25, 1, 0.5, 1);\n        filter: brightness(0.9) grayscale(20%);\n    }\n\n    .tattoo-card:hover img { transform: scale(1.1); filter: brightness(1.1) grayscale(0%); }\n\n    .amber-insta-btn {\n        display: inline-block;\n        padding: 15px 40px;\n        color: #fff !important;\n        border: 1px solid #ff7a00;\n        text-decoration: none !important;\n        font-weight: 700;\n        text-transform: uppercase;\n        border-radius: 50px;\n        transition: 0.4s;\n    }\n    .amber-insta-btn:hover { background-color: #ff7a00; color: #000 !important; }\n\n    @media (max-width: 1024px) { .amber-gallery-wrapper { grid-template-columns: repeat(3, 1fr); } }\n    @media (max-width: 768px) {\n        .amber-gallery-wrapper {\n            display: flex; overflow-x: auto; scroll-snap-type: x mandatory; padding: 0 20px 30px; gap: 15px;\n        }\n        .amber-gallery-wrapper::-webkit-scrollbar { display: none; }\n        .tattoo-card { flex: 0 0 75vw; scroll-snap-align: center; }\n    }\n\n    .amber-btn {\n        display: inline-block;\n        background-color: #ff7a00;\n        color: #000 !important;\n        padding: 18px 45px;\n        text-transform: uppercase;\n        font-weight: 800;\n        transition: 0.4s ease;\n        text-decoration: none !important;\n    }\n    .amber-btn:hover { background-color: #fff; transform: translateY(-3px); }\n<\/style>\n\n<div class=\"amber-wrapper\">\n    <div class=\"amber-city-section\">\n        \n        <h1 class=\"amber-city-h1\">Studio tatua\u017cu Wa\u0142brzych \u2014 Profesjonalne Projekty<\/h1>\n        \n        <div class=\"amber-city-card\">\n            <p>\n                Je\u015bli Twoim celem s\u0105 najwy\u017cszej jako\u015bci <span class=\"amber-highlight\">tatua\u017ce w Wa\u0142brzychu<\/span>, a poszukiwania idealnego artysty doprowadzi\u0142y Ci\u0119 do nas \u2014 to \u015bwietny wyb\u00f3r. Chocia\u017c <strong>nasze studio tatua\u017cu Amber Tattoo znajduje si\u0119 we Wroc\u0142awiu (Rynek)<\/strong>, to w\u0142a\u015bnie tutaj tworzymy projekty, dla kt\u00f3rych warto pokona\u0107 ka\u017cdy kilometr.\n            <\/p>\n            <p>\n                Wiele os\u00f3b z Wa\u0142brzycha decyduje si\u0119 na podr\u00f3\u017c do naszej wroc\u0142awskiej siedziby, aby zyska\u0107 pewno\u015b\u0107, \u017ce ich tatua\u017c zostanie wykonany przez profesjonalist\u00f3w, przy u\u017cyciu certyfikowanych pigment\u00f3w i sprz\u0119tu klasy premium.\n            <\/p>\n\n            <div class=\"amber-route-box\">\n                <div class=\"amber-route-item\">\n                    <span class=\"amber-route-label\">Dystans<\/span>\n                    <span class=\"amber-route-val\">80 km<\/span>\n                <\/div>\n                <div class=\"amber-route-item\">\n                    <span class=\"amber-route-label\">Czas dojazdu<\/span>\n                    <span class=\"amber-route-val\">ok. 1h 15 min<\/span>\n                <\/div>\n                <div class=\"amber-route-item\">\n                    <span class=\"amber-route-label\">Trasa do Wroc\u0142awia<\/span>\n                    <span class=\"amber-route-val\">A4 \/ DK35<\/span>\n                <\/div>\n            <\/div>\n        <\/div>\n\n        <section class=\"amber-gallery-v5\">\n            <h2>\u041f\u043e\u0440\u0442\u0444\u043e\u043b\u0438\u043e <span>Amber Tattoo<\/span><\/h2>\n            <div class=\"amber-gallery-wrapper\">\n                <div class=\"tattoo-card\"><img data-recalc-dims=\"1\" decoding=\"async\" src=\"https:\/\/i0.wp.com\/ambertattoo.ink\/wp-content\/uploads\/2025\/12\/amber-tattoo-wroclaw_2825-2.jpg?ssl=1\" alt=\"Tattoo 1\" loading=\"lazy\"><\/div>\n                <div class=\"tattoo-card\"><img data-recalc-dims=\"1\" decoding=\"async\" src=\"https:\/\/i0.wp.com\/ambertattoo.ink\/wp-content\/uploads\/2025\/12\/amber-tattoo-wroclaw_9735-2.jpg?ssl=1\" alt=\"Tattoo 2\" loading=\"lazy\"><\/div>\n                <div class=\"tattoo-card\"><img data-recalc-dims=\"1\" decoding=\"async\" src=\"https:\/\/i0.wp.com\/ambertattoo.ink\/wp-content\/uploads\/2025\/12\/amber-tattoo-wroclaw_2330-2.jpg?ssl=1\" alt=\"Tattoo 3\" loading=\"lazy\"><\/div>\n                <div class=\"tattoo-card\"><img data-recalc-dims=\"1\" decoding=\"async\" src=\"https:\/\/i0.wp.com\/ambertattoo.ink\/wp-content\/uploads\/2025\/12\/IMG_8091-2-1.jpg?ssl=1\" alt=\"Tattoo 4\" loading=\"lazy\"><\/div>\n                <div class=\"tattoo-card\"><img data-recalc-dims=\"1\" decoding=\"async\" src=\"https:\/\/i0.wp.com\/ambertattoo.ink\/wp-content\/uploads\/2025\/12\/IMG_1775.jpg?ssl=1\" alt=\"Tattoo 5\" loading=\"lazy\"><\/div>\n            <\/div>\n            <a href=\"https:\/\/www.instagram.com\/ambertattoo.ink\/\" class=\"amber-insta-btn\" target=\"_blank\">Wi\u0119cej prac na Instagramie<\/a>\n        <\/section>\n\n        <h2 class=\"amber-city-h2\">Dlaczego mieszka\u0144cy Wa\u0142brzycha wybieraj\u0105 nasze studio?<\/h2>\n\n        <div class=\"amber-city-card\">\n            <p>\n                Dystans dziel\u0105cy Wa\u0142brzych od wroc\u0142awskiego Rynku to jedyny krok do <strong>wyj\u0105tkowego projektu custom<\/strong>. W Amber Tattoo stawiamy na:\n            <\/p>\n            <ul style=\"list-style: none; padding-left: 0; margin: 20px 0;\">\n                <li style=\"margin-bottom: 15px; border-left: 2px solid #ff7a00; padding-left: 20px;\">\n                    <strong>Dowolno\u015b\u0107 stylistyczna:<\/strong> Realizujemy projekty w ka\u017cdym stylu \u2014 od precyzyjnego fineline i realizmu, po du\u017ce kompozycje kolorowe i graficzne.\n                <\/li>\n                <li style=\"margin-bottom: 15px; border-left: 2px solid #ff7a00; padding-left: 20px;\">\n                    <strong>Indywidualne podej\u015bcie:<\/strong> Ka\u017cdy wz\u00f3r projektujemy od podstaw, dopasowuj\u0105c go do Twojej wizji i anatomii cia\u0142a.\n                <\/li>\n                <li style=\"margin-bottom: 15px; border-left: 2px solid #ff7a00; padding-left: 20px;\">\n                    <strong>Wycena Online:<\/strong> Prze\u015blij nam sw\u00f3j pomys\u0142 przez WhatsApp \u2014 oszacujemy koszt i czas trwania sesji, aby Twoja wizyta by\u0142a zaplanowana.\n                <\/li>\n            <\/ul>\n\n            <div style=\"text-align: center; margin-top: 30px;\">\n                <a href=\"https:\/\/wa.me\/48888935750\" class=\"amber-btn\" target=\"_blank\" rel=\"noopener\">Bezp\u0142atna wycena online<\/a>\n            <\/div>\n        <\/div>\n\n    <\/div>\n<\/div>\n<\/div>","protected":false},"excerpt":{"rendered":"<p>Studio tatua\u017cu Wa\u0142brzych \u2014 Profesjonalne Projekty Je\u015bli Twoim celem s\u0105 najwy\u017cszej jako\u015bci tatua\u017ce w Wa\u0142brzychu, a poszukiwania idealnego artysty doprowadzi\u0142y Ci\u0119 do nas \u2014 to \u015bwietny wyb\u00f3r. Chocia\u017c nasze studio tatua\u017cu Amber Tattoo znajduje si\u0119 we Wroc\u0142awiu (Rynek), to w\u0142a\u015bnie tutaj tworzymy projekty, dla kt\u00f3rych warto pokona\u0107 ka\u017cdy kilometr. Wiele os\u00f3b z Wa\u0142brzycha decyduje si\u0119 [&hellip;]<\/p>\n","protected":false},"author":216297396,"featured_media":20986,"parent":0,"menu_order":0,"comment_status":"closed","ping_status":"closed","template":"page-no-title","meta":{"footnotes":""},"class_list":["post-6297","page","type-page","status-publish","has-post-thumbnail","hentry"],"_links":{"self":[{"href":"https:\/\/ambertattoo.ink\/ru\/wp-json\/wp\/v2\/pages\/6297","targetHints":{"allow":["GET"]}}],"collection":[{"href":"https:\/\/ambertattoo.ink\/ru\/wp-json\/wp\/v2\/pages"}],"about":[{"href":"https:\/\/ambertattoo.ink\/ru\/wp-json\/wp\/v2\/types\/page"}],"author":[{"embeddable":true,"href":"https:\/\/ambertattoo.ink\/ru\/wp-json\/wp\/v2\/users\/216297396"}],"replies":[{"embeddable":true,"href":"https:\/\/ambertattoo.ink\/ru\/wp-json\/wp\/v2\/comments?post=6297"}],"version-history":[{"count":2,"href":"https:\/\/ambertattoo.ink\/ru\/wp-json\/wp\/v2\/pages\/6297\/revisions"}],"predecessor-version":[{"id":21342,"href":"https:\/\/ambertattoo.ink\/ru\/wp-json\/wp\/v2\/pages\/6297\/revisions\/21342"}],"wp:featuredmedia":[{"embeddable":true,"href":"https:\/\/ambertattoo.ink\/ru\/wp-json\/wp\/v2\/media\/20986"}],"wp:attachment":[{"href":"https:\/\/ambertattoo.ink\/ru\/wp-json\/wp\/v2\/media?parent=6297"}],"curies":[{"name":"wp","href":"https:\/\/api.w.org\/{rel}","templated":true}]}}