{"id":6324,"date":"2023-02-04T21:33:35","date_gmt":"2023-02-04T20:33:35","guid":{"rendered":"https:\/\/ambertattoo.ink\/?page_id=6324"},"modified":"2026-01-05T15:09:41","modified_gmt":"2026-01-05T14:09:41","slug":"praca","status":"publish","type":"page","link":"https:\/\/ambertattoo.ink\/es\/praca\/","title":{"rendered":"Praca w studio tatua\u017cu"},"content":{"rendered":"\n<div class=\"wp-block-group alignfull is-layout-flow wp-block-group-is-layout-flow\">\n<style>\n    \/* 0. \u041e\u041f\u0422\u0418\u041c\u0418\u0417\u0410\u0426\u0418\u042f \u0428\u0420\u0418\u0424\u0422\u041e\u0412 *\/\n    @font-face {\n        font-family: 'Source Sans 3';\n        font-display: swap !important;\n    }\n\n    :root, html, body, * {\n        font-display: swap !important;\n        --primary: #ff7a00;\n        --bg: #050505;\n        font-family: 'Source Sans 3', sans-serif !important; \n    }\n\n    \/* \u0418\u041d\u0414\u0418\u041a\u0410\u0422\u041e\u0420 \u0421\u041a\u0420\u041e\u041b\u041b\u0410 *\/\n    .amber-progress-bar {\n        position: fixed; top: 0; left: 0; height: 3px;\n        background: var(--primary); width: 0%;\n        z-index: 2005; transition: width 0.1s ease-out;\n    }\n\n    \/* \u0412\u0415\u0420\u0425\u041d\u042f\u042f \u0418\u041d\u0424\u041e-\u041f\u0410\u041d\u0415\u041b\u042c (NAP SEO) *\/\n    .amber-top-bar {\n        background: #000;\n        color: #888;\n        font-size: 10px;\n        padding: 8px 50px;\n        display: flex;\n        justify-content: space-between;\n        align-items: center;\n        position: fixed;\n        top: 0; left: 0; right: 0;\n        z-index: 1501;\n        border-bottom: 1px solid rgba(255,255,255,0.05);\n        text-transform: uppercase;\n        letter-spacing: 1px;\n        transition: transform 0.4s;\n    }\n\n    .amber-top-bar .nap-brand { color: #fff; font-weight: 700; }\n    .amber-top-bar .nap-info { display: flex; gap: 25px; }\n    .amber-top-bar a { color: #fff; text-decoration: none; transition: 0.3s; font-weight: 700; }\n    .amber-top-bar a:hover { color: var(--primary); }\n    .amber-top-bar span.icon-label { color: var(--primary); margin-right: 4px; }\n    .amber-top-bar.hidden { transform: translateY(-100%); }\n\n    \/* \u0428\u0410\u041f\u041a\u0410 *\/\n    .amber-header-elite {\n        display: flex; justify-content: space-between; align-items: center;\n        padding: 25px 50px; \n        position: fixed; \n        top: 31px !important; \n        left: 0; right: 0; \n        z-index: 1500; \n        transition: all 0.5s cubic-bezier(0.16, 1, 0.3, 1);\n        background: rgba(0, 0, 0, 0.7);\n    }\n\n    .amber-header-elite.sticky {\n        padding: 12px 50px; \n        background: rgba(0, 0, 0, 0.95);\n        backdrop-filter: blur(20px); \n        border-bottom: 1px solid rgba(255, 122, 0, 0.3);\n        top: 0 !important;\n    }\n\n    \/* \u041b\u041e\u0413\u041e\u0422\u0418\u041f *\/\n    .amber-logo-box { display: block; width: 150px; height: 50px; z-index: 1601; position: relative; }\n    .amber-logo-box img { height: 50px !important; width: 150px !important; object-fit: contain; transition: 0.4s; }\n    .amber-header-elite.sticky .amber-logo-box img { height: 38px !important; width: 114px !important; }\n\n    \/* \u041a\u041d\u041e\u041f\u041a\u0410 \u041c\u0415\u041d\u042e (\u041f\u043e \u0443\u043c\u043e\u043b\u0447\u0430\u043d\u0438\u044e \u0441\u043a\u0440\u044b\u0442\u0430) *\/\n    .amber-menu-trigger { display: none; }\n\n    \/* \u041d\u0410\u0412\u0418\u0413\u0410\u0426\u0418\u042f *\/\n    .amber-nav-elite { display: flex; gap: 25px; align-items: center; }\n    .amber-nav-elite a {\n        color: #fff; text-decoration: none !important;\n        text-transform: uppercase; font-weight: 700 !important; font-size: 11px;\n        letter-spacing: 1.5px; transition: 0.3s; position: relative;\n    }\n    .amber-nav-elite a::after {\n        content: ''; position: absolute; width: 0; height: 2px;\n        bottom: -5px; left: 0; background: var(--primary); transition: 0.4s;\n    }\n    .amber-nav-elite a:hover { color: var(--primary); }\n    .amber-nav-elite a:hover::after { width: 100%; }\n\n    \/* \u041a\u043d\u043e\u043f\u043a\u0430 \u0420\u0435\u0437\u0435\u0440\u0432\u0430\u0446\u0438\u044f *\/\n    .amber-nav-elite a.nav-cta {\n        background: var(--primary);\n        color: #000 !important;\n        padding: 8px 18px;\n        border-radius: 2px;\n        letter-spacing: 2px;\n    }\n    .amber-nav-elite a.nav-cta::after { display: none; }\n    .amber-nav-elite a.nav-cta:hover { background: #fff; color: #000 !important; transform: translateY(-2px); }\n\n    .header-spacer { height: 130px; background: var(--bg); }\n\n    \/* \u0410\u0414\u0410\u041f\u0422\u0418\u0412\u041d\u041e\u0421\u0422\u042c *\/\n    @media (max-width: 1200px) {\n        .amber-nav-elite { gap: 15px; }\n        .amber-nav-elite a { font-size: 10px; letter-spacing: 1px; }\n    }\n\n    @media (max-width: 992px) {\n        .amber-top-bar { padding: 8px 15px; font-size: 8.5px; flex-direction: column; gap: 5px; text-align: center; }\n        .amber-top-bar .nap-info { gap: 10px; }\n        .amber-header-elite { padding: 15px 20px; top: 45px !important; }\n        .header-spacer { height: 120px; }\n        \n        .amber-nav-elite {\n            position: fixed; top: 0; right: -100%; height: 100vh; width: 280px;\n            background: #0a0a0a; flex-direction: column; justify-content: center; align-items: center; transition: 0.5s ease;\n            gap: 30px;\n            z-index: 1550;\n            box-shadow: -10px 0 30px rgba(0,0,0,0.8);\n        }\n        .amber-nav-elite.active { right: 0; }\n        \n        \/* \u041f\u043e\u043a\u0430\u0437\u044b\u0432\u0430\u0435\u043c \u043a\u043d\u043e\u043f\u043a\u0443 \u043c\u0435\u043d\u044e \u0442\u043e\u043b\u044c\u043a\u043e \u0437\u0434\u0435\u0441\u044c *\/\n        .amber-menu-trigger { \n            display: block; \n            z-index: 1600; \n            cursor: pointer;\n            width: 40px; height: 30px; \n            position: relative;\n        }\n        .amber-menu-trigger span { \n            display: block; width: 28px; height: 2px; background: var(--primary); \n            margin: 6px auto; \n            transition: all 0.3s ease;\n        }\n        .amber-menu-trigger.active span:nth-child(1) { transform: rotate(45deg) translateY(11px); }\n        .amber-menu-trigger.active span:nth-child(2) { opacity: 0; }\n        .amber-menu-trigger.active span:nth-child(3) { transform: rotate(-45deg) translateY(-11px); }\n    }\n<\/style>\n\n<div class=\"amber-progress-bar\" id=\"scrollBar\"><\/div>\n\n<div class=\"amber-top-bar\" id=\"topBar\">\n    <div class=\"nap-brand\">Studio tatua\u017cu Amber Tattoo Wroc\u0142aw<\/div>\n    <div class=\"nap-info\">\n        <div class=\"top-item\"><span class=\"icon-label\">Adres:<\/span> Ofiar O\u015bwi\u0119cimskich 15<\/div>\n        <div class=\"top-item\"><span class=\"icon-label\">Tel:<\/span> <a href=\"tel:+48888935750\">888 935 750<\/a><\/div>\n    <\/div>\n<\/div>\n\n<header class=\"amber-header-elite\" id=\"eliteHeader\">\n    <a href=\"https:\/\/ambertattoo.ink\" class=\"amber-logo-box\">\n        <img data-recalc-dims=\"1\" src=\"https:\/\/i0.wp.com\/ambertattoo.ink\/wp-content\/uploads\/2025\/12\/amber-tattoo-logo.webp?resize=150%2C50&#038;ssl=1\" \n             alt=\"Amber Tattoo Studio\" \n             width=\"150\" height=\"50\" \n             fetchpriority=\"high\" \n             decoding=\"sync\">\n    <\/a>\n    \n    <div class=\"amber-menu-trigger\" id=\"menuToggle\">\n        <span><\/span><span><\/span><span><\/span>\n    <\/div>\n\n    <nav class=\"amber-nav-elite\" id=\"navElite\">\n        <a href=\"https:\/\/ambertattoo.ink\">Home<\/a>\n        <a href=\"https:\/\/ambertattoo.ink\/tatuaze\/\">Portfolio<\/a>\n        <a href=\"https:\/\/ambertattoo.ink\/cennik\/\">Cennik<\/a>\n        <a href=\"https:\/\/ambertattoo.ink\/praca\/\">Praca<\/a>\n        <a href=\"https:\/\/ambertattoo.ink\/kontakt\/\">Kontakt<\/a>\n        <a href=\"https:\/\/ambertattoo.ink\/o-nas\/\">O Nas<\/a>\n        <a href=\"https:\/\/ambertattoo.ink\/umow-sie-na-tatuaz\/\" class=\"nav-cta\">Rezerwacja<\/a>\n    <\/nav>\n<\/header>\n\n<div class=\"header-spacer\"><\/div>\n\n<script>\ndocument.addEventListener(\"DOMContentLoaded\", function() {\n    \/\/ 1. \u041b\u043e\u0433\u0438\u043a\u0430 \u0441\u043a\u0440\u043e\u043b\u043b\u0430\n    window.addEventListener('scroll', () => {\n        const winScroll = document.body.scrollTop || document.documentElement.scrollTop;\n        const height = document.documentElement.scrollHeight - document.documentElement.clientHeight;\n        const scrolled = (winScroll \/ height) * 100;\n        \n        const scrollBar = document.getElementById(\"scrollBar\");\n        if(scrollBar) scrollBar.style.width = scrolled + \"%\";\n        \n        const header = document.getElementById('eliteHeader');\n        const topBar = document.getElementById('topBar');\n        \n        if (header && topBar) {\n            if (winScroll > 40) {\n                header.classList.add('sticky');\n                topBar.classList.add('hidden');\n            } else {\n                header.classList.remove('sticky');\n                topBar.classList.remove('hidden');\n            }\n        }\n    });\n\n    \/\/ 2. \u041b\u043e\u0433\u0438\u043a\u0430 \u043c\u043e\u0431\u0438\u043b\u044c\u043d\u043e\u0433\u043e \u043c\u0435\u043d\u044e\n    const menuToggle = document.getElementById('menuToggle');\n    const navElite = document.getElementById('navElite');\n    \n    if (menuToggle && navElite) {\n        menuToggle.addEventListener('click', function(e) {\n            e.preventDefault();\n            this.classList.toggle('active');\n            navElite.classList.toggle('active');\n        });\n        \n        \/\/ \u0417\u0430\u043a\u0440\u044b\u0432\u0430\u0442\u044c \u043c\u0435\u043d\u044e \u043f\u0440\u0438 \u043a\u043b\u0438\u043a\u0435 \u043d\u0430 \u0441\u0441\u044b\u043b\u043a\u0443 \u0432\u043d\u0443\u0442\u0440\u0438\n        const navLinks = navElite.querySelectorAll('a');\n        navLinks.forEach(link => {\n            link.addEventListener('click', () => {\n                menuToggle.classList.remove('active');\n                navElite.classList.remove('active');\n            });\n        });\n    }\n});\n<\/script>\n<\/div>\n\n\n\n<div style=\"height:0px\" aria-hidden=\"true\" class=\"wp-block-spacer\"><\/div>\n\n\n\n<div class=\"wp-block-group alignfull is-layout-flow wp-block-group-is-layout-flow\">\n<style>\n    \/* GLOBAL STYLES *\/\n    .amber-wrapper { box-sizing: border-box; }\n    .amber-wrapper * { box-sizing: border-box; }\n    \n    \/* \u0423\u0431\u0438\u0440\u0430\u0435\u043c \u0432\u0441\u0435 \u043f\u043e\u0434\u0447\u0435\u0440\u043a\u0438\u0432\u0430\u043d\u0438\u044f \u0441\u0441\u044b\u043b\u043e\u043a *\/\n    .amber-wrapper a { \n        text-decoration: none !important; \n        border: none !important; \n        box-shadow: none !important; \n    }\n\n    \/* Button Style *\/\n    .amber-btn-main {\n        display: inline-block;\n        background-color: #ff7a00;\n        color: #000;\n        padding: 18px 40px;\n        font-weight: bold;\n        text-transform: uppercase;\n        letter-spacing: 1px;\n        font-size: 1rem;\n        text-align: center;\n        transition: 0.3s;\n        border: 1px solid #ff7a00;\n        cursor: pointer;\n    }\n    .amber-btn-main:hover {\n        background-color: #fff;\n        color: #000;\n        border-color: #fff;\n    }\n\n    \/* Style Tags Grid *\/\n    .style-tags-grid {\n        display: flex;\n        flex-wrap: wrap;\n        gap: 12px;\n        justify-content: center;\n        margin: 30px 0 50px 0;\n    }\n    .style-tag {\n        background-color: rgba(255, 255, 255, 0.05); \/* \u041f\u043e\u043b\u0443\u043f\u0440\u043e\u0437\u0440\u0430\u0447\u043d\u044b\u0439 \u0444\u043e\u043d \u043f\u043e\u0434\u0441\u0442\u0440\u0430\u0438\u0432\u0430\u0435\u0442\u0441\u044f \u043f\u043e\u0434 \u0442\u0435\u043c\u0443 *\/\n        border: 1px solid rgba(255, 255, 255, 0.1);\n        color: #ccc;\n        padding: 8px 18px;\n        font-size: 0.85rem;\n        text-transform: uppercase;\n        letter-spacing: 1px;\n        transition: 0.3s;\n    }\n    .style-tag:hover {\n        border-color: #ff7a00;\n        color: #fff;\n        transform: translateY(-2px);\n    }\n    \n    \/* Contact Form Styling *\/\n    .amber-contact-form input[type=\"text\"],\n    .amber-contact-form input[type=\"email\"],\n    .amber-contact-form input[type=\"tel\"],\n    .amber-contact-form textarea {\n        background-color: rgba(255, 255, 255, 0.05) !important;\n        border: 1px solid rgba(255, 255, 255, 0.1) !important;\n        color: #fff !important;\n        padding: 12px !important;\n        width: 100% !important;\n        margin-bottom: 10px !important;\n        font-family: inherit !important;\n    }\n    .amber-contact-form input:focus, \n    .amber-contact-form textarea:focus {\n        border-color: #ff7a00 !important;\n        outline: none !important;\n    }\n    .amber-contact-form input[type=\"submit\"] {\n        background-color: #ff7a00 !important;\n        color: #000 !important;\n        border: none !important;\n        padding: 15px 30px !important;\n        font-weight: bold !important;\n        text-transform: uppercase !important;\n        width: auto !important;\n        cursor: pointer !important;\n    }\n<\/style>\n\n<div class=\"amber-wrapper\" style=\"color: #e0e0e0; width: 100%;\">\n\n    <div style=\"padding: 80px 20px; max-width: 900px; margin: 0 auto; text-align: center;\">\n        <h1 style=\"color: #ff7a00; text-transform: uppercase; letter-spacing: 2px; font-size: clamp(1.8rem, 4vw, 3rem); margin-bottom: 20px;\">\n            Praca dla Tatua\u017cysty Wroc\u0142aw<br>\n            <span style=\"color: inherit; opacity: 0.8; font-size: 0.6em;\">Do\u0142\u0105cz do zespo\u0142u Amber Tattoo<\/span>\n        <\/h1>\n        <p style=\"font-size: 1.1rem; line-height: 1.8; opacity: 0.9;\">\n            Poszukujemy artyst\u00f3w z do\u015bwiadczeniem, kt\u00f3rzy chc\u0105 rozwija\u0107 si\u0119 w profesjonalnym i wspieraj\u0105cym \u015brodowisku. Oferujemy stabilne warunki oraz miejsce, w kt\u00f3rym Twoja sztuka jest najwa\u017cniejsza.\n        <\/p>\n    <\/div>\n\n    <div style=\"padding: 0 20px; max-width: 1100px; margin: 0 auto; text-align: center;\">\n        <h3 style=\"color: inherit; text-transform: uppercase; font-size: 1.1rem; margin-bottom: 20px; letter-spacing: 1px;\">Kogo szukamy? Preferowane style:<\/h3>\n        <div class=\"style-tags-grid\">\n            <div class=\"style-tag\">Realizm<\/div>\n            <div class=\"style-tag\">Realizm Kolorowy<\/div>\n            <div class=\"style-tag\">Neotradycyjny<\/div>\n            <div class=\"style-tag\">Old School<\/div>\n            <div class=\"style-tag\">Lineart \/ Graficzny<\/div>\n            <div class=\"style-tag\">Fineline<\/div>\n            <div class=\"style-tag\">Lettering<\/div>\n            <div class=\"style-tag\">Dotwork<\/div>\n            <div class=\"style-tag\">Ornamentalny<\/div>\n            <div class=\"style-tag\">Polinezyjski<\/div>\n        <\/div>\n    <\/div>\n\n    <div style=\"background-color: rgba(0, 0, 0, 0.2); padding: 80px 20px;\">\n        <div style=\"max-width: 1200px; margin: 0 auto; display: grid; grid-template-columns: repeat(auto-fit, minmax(320px, 1fr)); gap: 30px;\">\n            \n            <div style=\"background-color: rgba(255, 255, 255, 0.03); padding: 40px; border-top: 2px solid #ff7a00;\">\n                <h3 style=\"color: #fff; text-transform: uppercase; font-size: 1.2rem; margin-bottom: 15px;\">Twoja Przestrze\u0144<\/h3>\n                <p style=\"opacity: 0.8; line-height: 1.7;\">\n                    Zapewniamy <strong>indywidualne, sta\u0142e stanowisko pracy<\/strong>. \u0412 Amber Tattoo cenimy Tw\u00f3j komfort \u2013 masz w\u0142asn\u0105, w pe\u0142ni wyposa\u017con\u0105 przestrze\u0144, kt\u00f3rej nie musisz dzieli\u0107 z innymi artystami.\n                <\/p>\n            <\/div>\n\n            <div style=\"background-color: rgba(255, 255, 255, 0.03); padding: 40px; border-top: 2px solid #ff7a00;\">\n                <h3 style=\"color: #fff; text-transform: uppercase; font-size: 1.2rem; margin-bottom: 15px;\">Guest Spot &#038; Udogodnienia<\/h3>\n                <p style=\"opacity: 0.8; line-height: 1.7;\">\n                    Dla artyst\u00f3w go\u015bcinnych oferujemy bardzo korzystne warunki wsp\u00f3\u0142pracy. Na czas Twojego pobytu zapewniamy <strong>komfortowe miejsce do odpoczynku bezpo\u015brednio w naszym studio<\/strong> (prysznic, aneks kuchenny oraz strefa relaksu).\n                <\/p>\n            <\/div>\n\n            <div style=\"background-color: rgba(255, 255, 255, 0.03); padding: 40px; border-top: 2px solid #ff7a00;\">\n                <h3 style=\"color: #fff; text-transform: uppercase; font-size: 1.2rem; margin-bottom: 15px;\">Kultura i Komfort<\/h3>\n                <p style=\"opacity: 0.8; line-height: 1.7;\">\n                    Tworzymy miejsce, w kt\u00f3rym po prostu dobrze si\u0119 pracuje. \u0412 studio zawsze czeka na Ciebie <strong>\u015bwie\u017co palona kawa, szeroki wyb\u00f3r herbat oraz s\u0142odkie przek\u0105ski<\/strong>.\n                <\/p>\n            <\/div>\n\n        <\/div>\n    <\/div>\n\n    <div style=\"padding: 80px 20px; text-align: center; max-width: 800px; margin: 0 auto;\">\n        <h2 style=\"color: #fff; text-transform: uppercase; font-size: 1.8rem; margin-bottom: 25px;\">Rekrutacja \u2013 Jak aplik\u0440\u043e\u0432\u0430\u0442\u044c?<\/h2>\n        <p style=\"opacity: 0.7; line-height: 1.7; margin-bottom: 35px;\">\n            Wy\u015blij nam swoje <strong>Portfolio (Instagram)<\/strong> oraz kr\u00f3tkie <strong>CV<\/strong>. Przejrzymy Twoje zg\u0142oszenia \u0438 skontaktujemy si\u0119 z wybranymi osobami. Zapraszamy do sta\u0142ej wsp\u00f3\u0142pracy oraz na guest spoty!\n        <\/p>\n        \n        <a href=\"https:\/\/www.instagram.com\/ambertattoo.ink\/\" target=\"_blank\" class=\"amber-btn-main\">\n            Wy\u015blij CV oraz Portfolio\n        <\/a>\n        \n        <p style=\"margin-top: 20px; opacity: 0.5; font-size: 0.9rem;\">\n            E-mail rekrutacyjny: info@ambertattoo.ink\n        <\/p>\n    <\/div>\n\n    <div style=\"border-top: 1px solid rgba(255, 255, 255, 0.1); padding: 80px 20px; background-color: rgba(0, 0, 0, 0.1);\">\n        <div style=\"max-width: 1200px; margin: 0 auto;\">\n            <h2 style=\"color: #fff; text-align: center; text-transform: uppercase; letter-spacing: 2px; font-size: 1.8rem; margin-bottom: 50px;\">Kontakt i Lokalizacja<\/h2>\n            <div style=\"display: flex; flex-wrap: wrap; gap: 60px; justify-content: space-between;\">\n                \n                <div style=\"flex: 1; min-width: 300px; opacity: 0.9; line-height: 1.8;\">\n                    <h4 style=\"color: #fff; text-transform: uppercase; margin-bottom: 15px;\">Amber Tattoo Wroc\u0142aw:<\/h4>\n                    <p style=\"margin-bottom: 15px;\">\n                        <strong style=\"color: #ff7a00;\">Adres:<\/strong><br>\n                        ul. Ofiar O\u015bwi\u0119cimskich 15, 50-069 Wroc\u0142aw (Rynek)\n                    <\/p>\n                    <p style=\"margin-bottom: 15px;\">\n                        <strong style=\"color: #ff7a00;\">E-mail:<\/strong><br>\n                        <a href=\"mailto:info@ambertattoo.ink\" style=\"color: inherit;\">info@ambertattoo.ink<\/a>\n                    <\/p>\n                    <p style=\"margin-bottom: 15px;\">\n                        <strong style=\"color: #ff7a00;\">Telefon:<\/strong><br>\n                        <a href=\"tel:+48888935750\" style=\"color: inherit;\">+48 888 935 750<\/a>\n                    <\/p>\n                    <p style=\"margin-bottom: 15px;\">\n                        <strong style=\"color: #ff7a00;\">WhatsApp:<\/strong><br>\n                        <a href=\"https:\/\/wa.me\/48888935750\" target=\"_blank\" style=\"color: inherit;\" rel=\"noopener\">Napisz do nas na WhatsApp<\/a>\n                    <\/p>\n                <\/div>\n\n                <div class=\"amber-contact-form\" style=\"flex: 1; min-width: 300px;\">\n                    \n<div class=\"wpcf7 no-js\" id=\"wpcf7-f21017-o1\" lang=\"en-US\" dir=\"ltr\" data-wpcf7-id=\"21017\">\n<div class=\"screen-reader-response\"><p role=\"status\" aria-live=\"polite\" aria-atomic=\"true\"><\/p> <ul><\/ul><\/div>\n<form action=\"\/es\/wp-json\/wp\/v2\/pages\/6324#wpcf7-f21017-o1\" method=\"post\" class=\"wpcf7-form init cf7skins cf7s-default\" aria-label=\"Contact form\" enctype=\"multipart\/form-data\" novalidate=\"novalidate\" data-status=\"init\">\n<fieldset class=\"hidden-fields-container\"><input type=\"hidden\" name=\"_wpcf7\" value=\"21017\" \/><input type=\"hidden\" name=\"_wpcf7_version\" value=\"6.1.5\" \/><input type=\"hidden\" name=\"_wpcf7_locale\" value=\"en_US\" \/><input type=\"hidden\" name=\"_wpcf7_unit_tag\" value=\"wpcf7-f21017-o1\" \/><input type=\"hidden\" name=\"_wpcf7_container_post\" value=\"0\" \/><input type=\"hidden\" name=\"_wpcf7_posted_data_hash\" value=\"\" \/>\n<\/fieldset>\n<div class=\"form-row\">\n   <label> Imi\u0119 i Nazwisko \/ Pseudonim *\n   <span class=\"wpcf7-form-control-wrap\" data-name=\"your-name\"><input size=\"40\" maxlength=\"400\" class=\"wpcf7-form-control wpcf7-text wpcf7-validates-as-required\" aria-required=\"true\" aria-invalid=\"false\" placeholder=\"Jak si\u0119 nazywasz?\" value=\"\" type=\"text\" name=\"your-name\" \/><\/span> <\/label>\n<\/div>\n\n<div class=\"form-row\">\n   <label> Telefon kontaktowy *\n   <span class=\"wpcf7-form-control-wrap\" data-name=\"telefon\"><input size=\"40\" maxlength=\"400\" class=\"wpcf7-form-control wpcf7-tel wpcf7-validates-as-required wpcf7-text wpcf7-validates-as-tel\" aria-required=\"true\" aria-invalid=\"false\" placeholder=\"+48 ...\" value=\"\" type=\"tel\" name=\"telefon\" \/><\/span> <\/label>\n<\/div>\n\n<div class=\"form-row\">\n   <label> Adres e-mail *\n   <span class=\"wpcf7-form-control-wrap\" data-name=\"your-email\"><input size=\"40\" maxlength=\"400\" class=\"wpcf7-form-control wpcf7-email wpcf7-validates-as-required wpcf7-text wpcf7-validates-as-email\" aria-required=\"true\" aria-invalid=\"false\" placeholder=\"Tw\u00f3j e-mail\" value=\"\" type=\"email\" name=\"your-email\" \/><\/span> <\/label>\n<\/div>\n\n<div class=\"form-row\">\n   <label> Link do Portfolio (Instagram \/ Facebook \/ WWW) *\n   <span class=\"wpcf7-form-control-wrap\" data-name=\"portfolio-url\"><input size=\"40\" maxlength=\"400\" class=\"wpcf7-form-control wpcf7-url wpcf7-validates-as-required wpcf7-text wpcf7-validates-as-url\" aria-required=\"true\" aria-invalid=\"false\" placeholder=\"https:\/\/instagram.com\/twoj_profil\" value=\"\" type=\"url\" name=\"portfolio-url\" \/><\/span> <\/label>\n<\/div>\n\n<hr>\n\n<label> Kr\u00f3tko o Twoim do\u015bwiadczeniu (sta\u017c, preferowane style) *\n<span class=\"wpcf7-form-control-wrap\" data-name=\"Wiadomosc\"><textarea cols=\"40\" rows=\"4\" maxlength=\"2000\" class=\"wpcf7-form-control wpcf7-textarea wpcf7-validates-as-required\" aria-required=\"true\" aria-invalid=\"false\" placeholder=\"Napisz nam kilka s\u0142\u00f3w o swoim do\u015bwiadczeniu...\" name=\"Wiadomosc\"><\/textarea><\/span> <\/label>\n\n<div class=\"file-upload-section\">\n   <label> Za\u0142\u0105cz swoje CV lub przyk\u0142adowe prace (opcjonalne)\n   <span class=\"wpcf7-form-control-wrap\" data-name=\"cv-portfolio\"><input size=\"40\" class=\"wpcf7-form-control wpcf7-file\" accept=\".pdf,.jpg,.png,.jpeg\" aria-invalid=\"false\" type=\"file\" name=\"cv-portfolio\" \/><\/span> <\/label>\n<\/div>\n\n<div class=\"rodo-checkbox\">\n<span class=\"wpcf7-form-control-wrap\" data-name=\"rodo-zgoda\"><span class=\"wpcf7-form-control wpcf7-acceptance\"><span class=\"wpcf7-list-item\"><label><input type=\"checkbox\" name=\"rodo-zgoda\" value=\"1\" aria-invalid=\"false\" \/><span class=\"wpcf7-list-item-label\">Zapozna\u0142em si\u0119 z <a href=\"https:\/\/ambertattoo.ink\/studio-tatuazu\/polityka-prywatnosci\/\" target=\"_blank\">Polityk\u0105 Prywatno\u015bci<\/a> i akceptuj\u0119 jej postanowienia.<\/span><\/label><\/span><\/span><\/span>\n<\/div>\n\n<input class=\"wpcf7-form-control wpcf7-submit has-spinner\" type=\"submit\" value=\"WY\u015aLIJ ZG\u0141OSZENIE\" \/><p style=\"display: none !important;\" class=\"akismet-fields-container\" data-prefix=\"_wpcf7_ak_\"><label>&#916;<textarea name=\"_wpcf7_ak_hp_textarea\" cols=\"45\" rows=\"8\" maxlength=\"100\"><\/textarea><\/label><input type=\"hidden\" id=\"ak_js_1\" name=\"_wpcf7_ak_js\" value=\"238\"\/><script>document.getElementById( \"ak_js_1\" ).setAttribute( \"value\", ( new Date() ).getTime() );<\/script><\/p><div class=\"wpcf7-response-output\" aria-hidden=\"true\"><\/div>\n<\/form>\n<\/div>\n\n                <\/div>\n\n            <\/div>\n        <\/div>\n    <\/div>\n<\/div>\n<\/div>\n\n\n\n<p><\/p>\n","protected":false},"excerpt":{"rendered":"<p>Praca dla Tatua\u017cysty Wroc\u0142aw Do\u0142\u0105cz do zespo\u0142u Amber Tattoo Poszukujemy artyst\u00f3w z do\u015bwiadczeniem, kt\u00f3rzy chc\u0105 rozwija\u0107 si\u0119 w profesjonalnym i wspieraj\u0105cym \u015brodowisku. Oferujemy stabilne warunki oraz miejsce, w kt\u00f3rym Twoja sztuka jest najwa\u017cniejsza. Kogo szukamy? Preferowane style: Realizm Realizm Kolorowy Neotradycyjny Old School Lineart \/ Graficzny Fineline Lettering Dotwork Ornamentalny Polinezyjski Twoja Przestrze\u0144 Zapewniamy indywidualne, [&hellip;]<\/p>\n","protected":false},"author":216297396,"featured_media":20986,"parent":0,"menu_order":0,"comment_status":"closed","ping_status":"closed","template":"page-no-title","meta":{"footnotes":""},"class_list":["post-6324","page","type-page","status-publish","has-post-thumbnail","hentry"],"_links":{"self":[{"href":"https:\/\/ambertattoo.ink\/es\/wp-json\/wp\/v2\/pages\/6324","targetHints":{"allow":["GET"]}}],"collection":[{"href":"https:\/\/ambertattoo.ink\/es\/wp-json\/wp\/v2\/pages"}],"about":[{"href":"https:\/\/ambertattoo.ink\/es\/wp-json\/wp\/v2\/types\/page"}],"author":[{"embeddable":true,"href":"https:\/\/ambertattoo.ink\/es\/wp-json\/wp\/v2\/users\/216297396"}],"replies":[{"embeddable":true,"href":"https:\/\/ambertattoo.ink\/es\/wp-json\/wp\/v2\/comments?post=6324"}],"version-history":[{"count":18,"href":"https:\/\/ambertattoo.ink\/es\/wp-json\/wp\/v2\/pages\/6324\/revisions"}],"predecessor-version":[{"id":21624,"href":"https:\/\/ambertattoo.ink\/es\/wp-json\/wp\/v2\/pages\/6324\/revisions\/21624"}],"wp:featuredmedia":[{"embeddable":true,"href":"https:\/\/ambertattoo.ink\/es\/wp-json\/wp\/v2\/media\/20986"}],"wp:attachment":[{"href":"https:\/\/ambertattoo.ink\/es\/wp-json\/wp\/v2\/media?parent=6324"}],"curies":[{"name":"wp","href":"https:\/\/api.w.org\/{rel}","templated":true}]}}